{"id":973,"date":"2018-01-19T19:11:13","date_gmt":"2018-01-19T17:11:13","guid":{"rendered":"http:\/\/gruene-lunge-am-guenthersburgpark.de\/?page_id=973"},"modified":"2018-01-19T19:20:05","modified_gmt":"2018-01-19T17:20:05","slug":"biodiversitaet","status":"publish","type":"page","link":"https:\/\/gruene-lunge-am-guenthersburgpark.de\/?page_id=973","title":{"rendered":"Biodiversit\u00e4t"},"content":{"rendered":"<p style=\"text-align: left;\" align=\"center\">Das gesamte von der Stadt in Auftrag gegebene Gutachten des Senckenbergs Instituts zur Biodiversit\u00e4t in der Gr\u00fcnen Lunge findet sich hier: <a href=\"http:\/\/stadtplanungsamt-frankfurt.de\/show.php?ID=16288&amp;psid=gognvlue\" target=\"_blank\" rel=\"noopener\">Gutachten Senckenberg Prof. Zizka<\/a><\/p>\n<p style=\"text-align: left;\" align=\"center\">Es folgt eine Zusammenfassung von uns<\/p>\n<p align=\"center\"><b><span style=\"color: #000000; font-family: Calibri;\">Die Gr\u00fcne Lunge &#8211; ein starkes St\u00fcck Natur <\/span><\/b><\/p>\n<p><span style=\"color: #000000; font-family: Calibri; font-size: medium;\">\u00a0<\/span><\/p>\n<p><span style=\"color: #000000; font-family: Calibri;\">Das Planungsamt Frankfurt hat das Flora und Fauna Gutachten zur Bebauung der Gr\u00fcnen Lunge am G\u00fcnthersburgpark ver\u00f6ffentlicht. Der offizielle Name lautet: <i>Biotoptypenkartierung und faunistisch-floristische Untersuchung zur arten- und biotopschutzrechtlichen Bewertung im Bereich des Bebauungsplans 880 \u201eFriedberger Landstra\u00dfe \/ S\u00fcdlich Wasserpark\u201c (Innovationsquartier). <\/i>Es wurde erstellt von der Arbeitsgruppe Biotopkartierung, Senckenberg Forschungsinstitut und Naturmuseum Frankfurt.<\/span><\/p>\n<p><span style=\"color: #000000; font-family: Calibri;\">Die Auswertung zeigt ein starkes St\u00fcck Natur, dass Lebensraum f\u00fcr viele und zum Teil seltene Tier- und Pflanzenarten bietet. <\/span><\/p>\n<p><span style=\"color: #000000; font-family: Calibri;\">Zum Thema Biotope verweist das Gutachten auf einen hohen Strukturreichtum. \u201eBemerkenswert ist auch die gro\u00dfe Zahl an alten B\u00e4umen.\u201c So werden die Ergebnisse f\u00fcr die Biotope bewertet: \u201eBemerkenswert ist jedoch das gro\u00dfe, zusammenh\u00e4ngende Gartengebiet im Norden mit seinem hohen Baumanteil.\u201c<\/span><\/p>\n<p><span style=\"color: #000000; font-family: Calibri;\">Die Erfassung der Flora ergab 226 Arten von Farn- und Samenpflanzen im Untersuchungsgebiet. Dabei handelt es sich ausschlie\u00dflich um wildwachsende oder als verwildert eingesch\u00e4tzte Arten. Als\u00a0 besonders gesch\u00fctzte Art nach Bundesnaturschutzgesetz wurde eine spezielle einheimische Orchidee beschrieben, die Epipactis helleborine (Breitbl\u00e4ttrige St\u00e4ndelwurz). Gesch\u00fctzt nach der Roten Liste Hessen ist die gefundene Art Onopordum acanthium (Gew\u00f6hnliche Eselsdistel). Bewertet wurde der Florabestand mit einer Anzahl von 226 Arten, mit einer vergleichsweise hohen Artenanzahl an Farn- und Samenpflanzen.<\/span><\/p>\n<p><span style=\"color: #000000; font-family: Calibri;\">\u201eFlederm\u00e4use sind durch das Bundesnaturschutzgesetz und die europ\u00e4ische FFH-Richtlinie (Fauna-Flora-Habitat) streng gesch\u00fctzt, da sie seit Mitte des 20. Jahrhunderts immer st\u00e4rker aus der Landschaft verschwunden sind.\u201c, schreibt die Stadt Frankfurt offiziell auf ihrer Homepage. In der Gr\u00fcnen Lunge gibt es lt. Gutachten gleich drei verschiedene Arten. Der Erhaltungszustand der Arten in Hessen wird teilweise als ung\u00fcnstig\/unzureichend beschrieben. Alle Flederm\u00e4use in der Gr\u00fcnen Lunge sind nach dem BNatSchG \u201ebesonders gesch\u00fctzt\u201c oder \u201estreng gesch\u00fctzt\u201c. Ebenso sind sie in der Roten Liste Hessens aufgef\u00fchrt. Auch hier bietet die Gr\u00fcne Lunge ein starkes St\u00fcck Natur. <\/span><\/p>\n<p><span style=\"color: #000000; font-family: Calibri;\">Bei den Vogelarten z\u00e4hlt das Gutachten ganze 46 gefundene Vogelarten auf! Insgesamt wird das Areal aufgrund der vielen alten B\u00e4ume als \u00fcberdurchschnittlich vogelartenreich beschrieben. Zum Teil werden Brutvogelarten beschrieben die landesweit in einem ung\u00fcnstigen Erhaltungszustand sind. Alle gefundenen Vogelarten sind durch die EU-Vogelschutzrichtlinie gesch\u00fctzt bzw. zus\u00e4tzlich in Deutschland durch das Bundes-Natur-Schutz-Gesetz besonders gesch\u00fctzt. Einige Arten erf\u00fcllen sogar die hohen Vorgaben eines strengen Schutzes. Somit k\u00f6nnen Vogelarten eine Relevanz in der artenschutzrechtlichen Planungspraxis entfalten. Darunter befindet sich mit dem Gr\u00fcnspecht ( Picus viridis ) eine nach dem Bundesnaturschutzgesetz streng gesch\u00fctzte Art. Von den Gastvogelarten sind die Greifvogelarten Roter Milan ( Milvus milvus ), Sperber ( Accipiter nisus ) sowie der M\u00e4usebussard ( Buteo buteo ) streng gesch\u00fctzt. Arten der Roten Listen sind mit dem Gartenrotschwanz ( Phoenicurus phoenicurus ) und dem Star ( Sturnus vulgaris ) als Brutvogelarten vertreten. <\/span><\/p>\n<p><span style=\"color: #000000; font-family: Calibri;\">Unbedingten Schutzstatus hat der in der Roten Liste Hessens als stark gef\u00e4hrdet und bundesweit auf der Vorwarnliste gef\u00fchrte Gartenrotschwanz ( Phoenicurus phoenicurus ). Er kommt in der Gr\u00fcnen Lunge mit vier Brutpaaren vor. Der Brutbestand in ganz Hessen betr\u00e4gt nur noch 2.500 \u2013 4.000 Paare. Er ist eine typische Art der Kleingartenanlagen in Frankfurt. Der Erhaltungszustand dieser Art wird in Hessen als \u201eung\u00fcnstig-schlecht\u201c eingestuft. Gef\u00e4hrdungsursache: Der Gartenrotschwanz ist vor allem durch die Zerst\u00f6rung seiner h\u00e4ufig siedlungsnahen Brutgebiete durch neue Baugebiete bedroht. <\/span><\/p>\n<p><span style=\"color: #000000; font-family: Calibri;\">Zu den Schmetterlingen beschreibt das Gutachten elf Tagfalterarten. Von denen eine, der Hauhechelbl\u00e4uling ( Polyommatus icarus ), durch das BNatSchG besonders gesch\u00fctzt ist.<\/span><\/p>\n<p><span style=\"color: #000000; font-family: Calibri;\">In den Naturschutzfachlichen Hinweisen beschreibt das Gutachten die voraussichtliche Wirkung der Bebauung auf die Arten: Die Schaffung des Innovationsquartiers w\u00fcrde mit einer weitgehenden Entfernung der vorhandenen Biotopstrukturen und Lebensr\u00e4ume durch Baufeldfreimachung und Planierung der Fl\u00e4che einhergehen und damit auch die Flora und Fauna des Untersuchungsgebietes bez\u00fcglich der Arten und der Individuenzahlen massiv reduzieren. Selbst wenn einige Gr\u00fcnfl\u00e4chenbereiche oder Gr\u00fcnstrukturen erhalten bleiben und damit auch ein Teil der Fauna, w\u00fcrden sich die Lebensbedingungen durch die weitgehende Abr\u00e4umung der Biotopstrukturen, die St\u00f6rungen w\u00e4hrend des Baus und sp\u00e4ter durch die Nutzung durch Anwohner grundlegend ver\u00e4ndern. <\/span><\/p>\n<p><span style=\"color: #000000; font-family: Calibri;\">Das Gutachten hat bewiesen: die Gr\u00fcne Lunge bietet vielen gesch\u00fctzten Arten Lebensraum. Aber es bietet auch Lebensraum f\u00fcr allt\u00e4gliche Pflanzen und Tierarten die unbedingt erhaltenswert sind und eine Funktion f\u00fcr Menschen, Klima und die umgebenden Biotope hat. Die Gr\u00fcne Lunge ist ein starkes St\u00fcck Natur, innenstadtnah und in der wertvollen nord\u00f6stlichen Frischluftschneise. Die Gr\u00fcne Lunge muss unbedingt erhalten werden. Die Planungen f\u00fcr das sog. Innovationsquartier m\u00fcssen gestoppt werden. <\/span><\/p>\n","protected":false},"excerpt":{"rendered":"<p>Das gesamte von der Stadt in Auftrag gegebene Gutachten des Senckenbergs Instituts zur Biodiversit\u00e4t in der Gr\u00fcnen Lunge findet sich hier: Gutachten Senckenberg Prof. Zizka Es folgt eine Zusammenfassung von uns Die Gr\u00fcne Lunge &#8211; ein starkes St\u00fcck Natur \u00a0 Das Planungsamt Frankfurt hat das Flora und Fauna Gutachten zur Bebauung der Gr\u00fcnen Lunge am [&hellip;]<\/p>\n","protected":false},"author":4,"featured_media":0,"parent":0,"menu_order":0,"comment_status":"closed","ping_status":"closed","template":"","meta":{"footnotes":""},"class_list":["post-973","page","type-page","status-publish","hentry"],"_links":{"self":[{"href":"https:\/\/gruene-lunge-am-guenthersburgpark.de\/index.php?rest_route=\/wp\/v2\/pages\/973","targetHints":{"allow":["GET"]}}],"collection":[{"href":"https:\/\/gruene-lunge-am-guenthersburgpark.de\/index.php?rest_route=\/wp\/v2\/pages"}],"about":[{"href":"https:\/\/gruene-lunge-am-guenthersburgpark.de\/index.php?rest_route=\/wp\/v2\/types\/page"}],"author":[{"embeddable":true,"href":"https:\/\/gruene-lunge-am-guenthersburgpark.de\/index.php?rest_route=\/wp\/v2\/users\/4"}],"replies":[{"embeddable":true,"href":"https:\/\/gruene-lunge-am-guenthersburgpark.de\/index.php?rest_route=%2Fwp%2Fv2%2Fcomments&post=973"}],"version-history":[{"count":4,"href":"https:\/\/gruene-lunge-am-guenthersburgpark.de\/index.php?rest_route=\/wp\/v2\/pages\/973\/revisions"}],"predecessor-version":[{"id":979,"href":"https:\/\/gruene-lunge-am-guenthersburgpark.de\/index.php?rest_route=\/wp\/v2\/pages\/973\/revisions\/979"}],"wp:attachment":[{"href":"https:\/\/gruene-lunge-am-guenthersburgpark.de\/index.php?rest_route=%2Fwp%2Fv2%2Fmedia&parent=973"}],"curies":[{"name":"wp","href":"https:\/\/api.w.org\/{rel}","templated":true}]}}