{"id":375,"date":"2016-08-29T14:25:21","date_gmt":"2016-08-29T12:25:21","guid":{"rendered":"http:\/\/gruene-lunge-am-guenthersburgpark.de\/?page_id=375"},"modified":"2025-09-10T16:08:50","modified_gmt":"2025-09-10T14:08:50","slug":"der-verein","status":"publish","type":"page","link":"https:\/\/gruene-lunge-am-guenthersburgpark.de\/?page_id=375","title":{"rendered":"Verein"},"content":{"rendered":"<p><strong>Gr\u00fcndung<\/strong><\/p>\n<p>Im Fr\u00fchsommer 2015 fand zum ersten Mal ein Treffen interessierter G\u00e4rtner und B\u00fcrger im G\u00fcnthersburgpark statt. Die Pl\u00e4ne der Stadt, die wertvollen Gr\u00fcnfl\u00e4chen zwischen Nordend und Seckbach zu bebauen, \u00fcberwiegend G\u00e4rten, wurden konkreter.<br \/>Hier wurden die ersten Aktivit\u00e4ten geplant, um dem etwas entgegen zu setzen und f\u00fcr den Erhalt der &#8220;Gr\u00fcnen Lunge&#8221; zu k\u00e4mpfen.<br \/>Der Verein &#8220;B\u00fcrgerinitiative f\u00fcr den Erhalt der Gr\u00fcnen Lunge am G\u00fcnthersburgpark e.V. (BIEGL G\u00fcntersburgpark) wurde am 15.Oktober 2015 gegr\u00fcndet.<br \/>Damit wurde erreicht, dass f\u00fcr die Stadt, f\u00fcr andere Institutionen und die Medien klare Ansprechpartner vorhanden sind.<\/p>\n<p><strong>Vereinsring Bornheim<\/strong><br \/>Seit dem 18.3.2019 sind wir Mitglied im <a href=\"https:\/\/www.vereinsring-bornheim.de\/index.php\" target=\"_blank\" rel=\"noreferrer noopener\" aria-label=\"Bornheimer Vereinsring (\u00f6ffnet in neuem Tab)\">Bornheimer Vereinsring<\/a><\/p>\n<p><strong>Fridays for Future<\/strong><br \/>2019 unterst\u00fctze uns auch die Frankfurter Fridays-for-Future Bewegung und veranstaltete mehrfach einen Demonstrationszug durch die Stadt in die Gr\u00fcne Lunge am G\u00fcnthersburgpark.<\/p>\n<p><strong>Kontoverbindung F\u00fcr Spenden und Mitgliedsbeitr\u00e4ge<br \/><\/strong>BIEGL BI Gr\u00fcne Lunge<br \/>DE09 5019 0000 6600 9864 47<br \/>bei der Frankfurter Volksbank BLZ 501 900 00\u00a0 BIC <span class=\"st\"> FFVBDEFF<\/span><\/p>\n<p><strong>Neue Mitglieder<\/strong> sind herzlich willkommen<br \/><iframe src=\"\/\/docs.google.com\/viewer?url=https%3A%2F%2Fgruene-lunge-am-guenthersburgpark.de%2Fwp-content%2Fuploads%2F2025%2F09%2FMitgliedsantrag-blanco.pdf&hl=de&embedded=true\" class=\"gde-frame\" style=\"width:100%; height:500px; border: none;\" scrolling=\"no\"><\/iframe>\n<p class=\"gde-text\"><a href=\"https:\/\/gruene-lunge-am-guenthersburgpark.de\/wp-content\/uploads\/2025\/09\/Mitgliedsantrag-blanco.pdf\" class=\"gde-link\">Download (PDF, 15KB)<\/a><\/p><br \/>(Antrag ausdrucken, ausf\u00fcllen und per Post\/eMail an die angegebene Adresse senden)<\/p>\n<p><strong>Satzung<\/strong><\/p>\n<iframe src=\"\/\/docs.google.com\/viewer?url=https%3A%2F%2Fgruene-lunge-am-guenthersburgpark.de%2Fwp-content%2Fuploads%2F2020%2F04%2FBIEGL-Satzung-2020-04-01_Folkhart_Korrektur.pdf&hl=de&embedded=true\" class=\"gde-frame\" style=\"width:100%; height:500px; border: none;\" scrolling=\"no\"><\/iframe>\n<p class=\"gde-text\"><a href=\"https:\/\/gruene-lunge-am-guenthersburgpark.de\/wp-content\/uploads\/2020\/04\/BIEGL-Satzung-2020-04-01_Folkhart_Korrektur.pdf\" class=\"gde-link\">Download (PDF, 561KB)<\/a><\/p>\n<p>\u00a0<\/p>\n<p><span class=\"st\">\u00a0<\/span><\/p>\n\n\n<p><\/p>\n","protected":false},"excerpt":{"rendered":"<p>Gr\u00fcndung Im Fr\u00fchsommer 2015 fand zum ersten Mal ein Treffen interessierter G\u00e4rtner und B\u00fcrger im G\u00fcnthersburgpark statt. Die Pl\u00e4ne der Stadt, die wertvollen Gr\u00fcnfl\u00e4chen zwischen Nordend und Seckbach zu bebauen, \u00fcberwiegend G\u00e4rten, wurden konkreter.Hier wurden die ersten Aktivit\u00e4ten geplant, um dem etwas entgegen zu setzen und f\u00fcr den Erhalt der &#8220;Gr\u00fcnen Lunge&#8221; zu k\u00e4mpfen.Der Verein [&hellip;]<\/p>\n","protected":false},"author":4,"featured_media":0,"parent":0,"menu_order":0,"comment_status":"closed","ping_status":"closed","template":"","meta":{"footnotes":""},"class_list":["post-375","page","type-page","status-publish","hentry"],"_links":{"self":[{"href":"https:\/\/gruene-lunge-am-guenthersburgpark.de\/index.php?rest_route=\/wp\/v2\/pages\/375","targetHints":{"allow":["GET"]}}],"collection":[{"href":"https:\/\/gruene-lunge-am-guenthersburgpark.de\/index.php?rest_route=\/wp\/v2\/pages"}],"about":[{"href":"https:\/\/gruene-lunge-am-guenthersburgpark.de\/index.php?rest_route=\/wp\/v2\/types\/page"}],"author":[{"embeddable":true,"href":"https:\/\/gruene-lunge-am-guenthersburgpark.de\/index.php?rest_route=\/wp\/v2\/users\/4"}],"replies":[{"embeddable":true,"href":"https:\/\/gruene-lunge-am-guenthersburgpark.de\/index.php?rest_route=%2Fwp%2Fv2%2Fcomments&post=375"}],"version-history":[{"count":24,"href":"https:\/\/gruene-lunge-am-guenthersburgpark.de\/index.php?rest_route=\/wp\/v2\/pages\/375\/revisions"}],"predecessor-version":[{"id":3143,"href":"https:\/\/gruene-lunge-am-guenthersburgpark.de\/index.php?rest_route=\/wp\/v2\/pages\/375\/revisions\/3143"}],"wp:attachment":[{"href":"https:\/\/gruene-lunge-am-guenthersburgpark.de\/index.php?rest_route=%2Fwp%2Fv2%2Fmedia&parent=375"}],"curies":[{"name":"wp","href":"https:\/\/api.w.org\/{rel}","templated":true}]}}