{"id":364,"date":"2016-07-13T11:39:39","date_gmt":"2016-07-13T09:39:39","guid":{"rendered":"http:\/\/gruene-lunge-am-guenthersburgpark.de\/?page_id=364"},"modified":"2021-02-18T14:38:38","modified_gmt":"2021-02-18T12:38:38","slug":"newsletter","status":"publish","type":"page","link":"https:\/\/gruene-lunge-am-guenthersburgpark.de\/?page_id=364","title":{"rendered":"Newsletter"},"content":{"rendered":"<h6>Formular zum Sammeln von eMail Adressen f\u00fcr den Erhalt des Newsletter<\/h6>\n<iframe src=\"\/\/docs.google.com\/viewer?url=https%3A%2F%2Fgruene-lunge-am-guenthersburgpark.de%2Fwp-content%2Fuploads%2F2018%2F06%2FFormular-eMail-Newsletter-1.pdf&hl=de&embedded=true\" class=\"gde-frame\" style=\"width:100%; height:500px; border: none;\" scrolling=\"no\"><\/iframe>\n<p class=\"gde-text\"><a href=\"https:\/\/gruene-lunge-am-guenthersburgpark.de\/wp-content\/uploads\/2018\/06\/Formular-eMail-Newsletter-1.pdf\" class=\"gde-link\">Download (PDF, 88KB)<\/a><\/p>\n<h6>Die Newsletter &#8211; \u00fcbersichtliches Lesen gestattet der Button &#8216;In neuem Tab \u00f6ffnen&#8217; &#8211; der erscheint wenn man mit dem Cursor in die rechte obere Ecke des Kastens f\u00e4hrt.<\/h6>\n<p>NEWSLETTER Februar 2021<br \/>\n<iframe src=\"\/\/docs.google.com\/viewer?url=https%3A%2F%2Fgruene-lunge-am-guenthersburgpark.de%2Fwp-content%2Fuploads%2F2021%2F02%2FNewsletter-BIEGL-Febr2021.pdf&hl=de&embedded=true\" class=\"gde-frame\" style=\"width:100%; height:500px; border: none;\" scrolling=\"no\"><\/iframe>\n<p class=\"gde-text\"><a href=\"https:\/\/gruene-lunge-am-guenthersburgpark.de\/wp-content\/uploads\/2021\/02\/Newsletter-BIEGL-Febr2021.pdf\" class=\"gde-link\">Download (PDF, 124KB)<\/a><\/p><\/p>\n<p>NEWSLETTER November 2020<br \/>\n<iframe src=\"\/\/docs.google.com\/viewer?url=https%3A%2F%2Fgruene-lunge-am-guenthersburgpark.de%2Fwp-content%2Fuploads%2F2020%2F12%2FNewsletter-2020_11_22.pdf&hl=de&embedded=true\" class=\"gde-frame\" style=\"width:100%; height:500px; border: none;\" scrolling=\"no\"><\/iframe>\n<p class=\"gde-text\"><a href=\"https:\/\/gruene-lunge-am-guenthersburgpark.de\/wp-content\/uploads\/2020\/12\/Newsletter-2020_11_22.pdf\" class=\"gde-link\">Download (PDF, 331KB)<\/a><\/p><\/p>\n<p>NEWSLETTER September 2020<br \/>\n<iframe src=\"\/\/docs.google.com\/viewer?url=https%3A%2F%2Fgruene-lunge-am-guenthersburgpark.de%2Fwp-content%2Fuploads%2F2020%2F12%2FNewsletter-2020_09_04.pdf&hl=de&embedded=true\" class=\"gde-frame\" style=\"width:100%; height:500px; border: none;\" scrolling=\"no\"><\/iframe>\n<p class=\"gde-text\"><a href=\"https:\/\/gruene-lunge-am-guenthersburgpark.de\/wp-content\/uploads\/2020\/12\/Newsletter-2020_09_04.pdf\" class=\"gde-link\">Download (PDF, 386KB)<\/a><\/p><\/p>\n<p>NEWSLETTER Januar 2020<br \/>\n<iframe src=\"\/\/docs.google.com\/viewer?url=https%3A%2F%2Fgruene-lunge-am-guenthersburgpark.de%2Fwp-content%2Fuploads%2F2020%2F12%2FNewsletter-2020_01_25.pdf&hl=de&embedded=true\" class=\"gde-frame\" style=\"width:100%; height:500px; border: none;\" scrolling=\"no\"><\/iframe>\n<p class=\"gde-text\"><a href=\"https:\/\/gruene-lunge-am-guenthersburgpark.de\/wp-content\/uploads\/2020\/12\/Newsletter-2020_01_25.pdf\" class=\"gde-link\">Download (PDF, 293KB)<\/a><\/p><\/p>\n<p>NEWSLETTER\u00a0 September 2019<br \/>\n<iframe src=\"\/\/docs.google.com\/viewer?url=https%3A%2F%2Fgruene-lunge-am-guenthersburgpark.de%2Fwp-content%2Fuploads%2F2020%2F12%2FNewsletter-2019_09_11.pdf&hl=de&embedded=true\" class=\"gde-frame\" style=\"width:100%; height:500px; border: none;\" scrolling=\"no\"><\/iframe>\n<p class=\"gde-text\"><a href=\"https:\/\/gruene-lunge-am-guenthersburgpark.de\/wp-content\/uploads\/2020\/12\/Newsletter-2019_09_11.pdf\" class=\"gde-link\">Download (PDF, 224KB)<\/a><\/p><\/p>\n<p>NEWSLETTER Juni 2019<br \/>\n<iframe src=\"\/\/docs.google.com\/viewer?url=https%3A%2F%2Fgruene-lunge-am-guenthersburgpark.de%2Fwp-content%2Fuploads%2F2020%2F12%2FNewsletter_2019_06_13.pdf&hl=de&embedded=true\" class=\"gde-frame\" style=\"width:100%; height:500px; border: none;\" scrolling=\"no\"><\/iframe>\n<p class=\"gde-text\"><a href=\"https:\/\/gruene-lunge-am-guenthersburgpark.de\/wp-content\/uploads\/2020\/12\/Newsletter_2019_06_13.pdf\" class=\"gde-link\">Download (PDF, 307KB)<\/a><\/p><\/p>\n<p>NEWSLETTER M\u00e4rz 2019<br \/>\n<iframe src=\"\/\/docs.google.com\/viewer?url=https%3A%2F%2Fgruene-lunge-am-guenthersburgpark.de%2Fwp-content%2Fuploads%2F2020%2F12%2FNewsletter_2019_03_08.pdf&hl=de&embedded=true\" class=\"gde-frame\" style=\"width:100%; height:500px; border: none;\" scrolling=\"no\"><\/iframe>\n<p class=\"gde-text\"><a href=\"https:\/\/gruene-lunge-am-guenthersburgpark.de\/wp-content\/uploads\/2020\/12\/Newsletter_2019_03_08.pdf\" class=\"gde-link\">Download (PDF, 225KB)<\/a><\/p><\/p>\n<p>NEWSLETTER Februar 2019<br \/>\n<iframe src=\"\/\/docs.google.com\/viewer?url=https%3A%2F%2Fgruene-lunge-am-guenthersburgpark.de%2Fwp-content%2Fuploads%2F2019%2F03%2FNewsletter-Februar-2019.pdf&hl=de&embedded=true\" class=\"gde-frame\" style=\"width:100%; height:500px; border: none;\" scrolling=\"no\"><\/iframe>\n<p class=\"gde-text\"><a href=\"https:\/\/gruene-lunge-am-guenthersburgpark.de\/wp-content\/uploads\/2019\/03\/Newsletter-Februar-2019.pdf\" class=\"gde-link\">Download (PDF, 193KB)<\/a><\/p><\/p>\n<p>NEWSLETTER M\u00e4rz 2018<br \/>\n<iframe src=\"\/\/docs.google.com\/viewer?url=https%3A%2F%2Fgruene-lunge-am-guenthersburgpark.de%2Fwp-content%2Fuploads%2F2018%2F06%2FNewsletter-M%C3%A4rz-2018.pdf&hl=de&embedded=true\" class=\"gde-frame\" style=\"width:100%; height:500px; border: none;\" scrolling=\"no\"><\/iframe>\n<p class=\"gde-text\"><a href=\"https:\/\/gruene-lunge-am-guenthersburgpark.de\/wp-content\/uploads\/2018\/06\/Newsletter-M\u00e4rz-2018.pdf\" class=\"gde-link\">Download (PDF, 237KB)<\/a><\/p><\/p>\n<p>NEWSLETTER Oktober 2017<br \/>\n<iframe src=\"\/\/docs.google.com\/viewer?url=https%3A%2F%2Fgruene-lunge-am-guenthersburgpark.de%2Fwp-content%2Fuploads%2F2018%2F06%2FNewsletter-Oktober-2017.pdf&hl=de&embedded=true\" class=\"gde-frame\" style=\"width:100%; height:500px; border: none;\" scrolling=\"no\"><\/iframe>\n<p class=\"gde-text\"><a href=\"https:\/\/gruene-lunge-am-guenthersburgpark.de\/wp-content\/uploads\/2018\/06\/Newsletter-Oktober-2017.pdf\" class=\"gde-link\">Download (PDF, 369KB)<\/a><\/p><\/p>\n<p>NEWSLETTER M\u00e4rz 2017<br \/>\n<iframe src=\"\/\/docs.google.com\/viewer?url=https%3A%2F%2Fgruene-lunge-am-guenthersburgpark.de%2Fwp-content%2Fuploads%2F2016%2F07%2FMrz17-final-03-24.pdf&hl=de&embedded=true\" class=\"gde-frame\" style=\"width:100%; height:500px; border: none;\" scrolling=\"no\"><\/iframe>\n<p class=\"gde-text\"><a href=\"https:\/\/gruene-lunge-am-guenthersburgpark.de\/wp-content\/uploads\/2016\/07\/Mrz17-final-03-24.pdf\" class=\"gde-link\">Download (PDF, 767KB)<\/a><\/p><\/p>\n<p>NEWSLETTER Januar 2017<br \/>\n<iframe src=\"\/\/docs.google.com\/viewer?url=https%3A%2F%2Fgruene-lunge-am-guenthersburgpark.de%2Fwp-content%2Fuploads%2F2017%2F01%2FNL_201701_Langfassung.pdf&hl=de&embedded=true\" class=\"gde-frame\" style=\"width:100%; height:500px; border: none;\" scrolling=\"no\"><\/iframe>\n<p class=\"gde-text\"><a href=\"https:\/\/gruene-lunge-am-guenthersburgpark.de\/wp-content\/uploads\/2017\/01\/NL_201701_Langfassung.pdf\" class=\"gde-link\">Download (PDF, 678KB)<\/a><\/p><\/p>\n<p>NEWSLETTER Juni 2016<br \/>\n<iframe src=\"\/\/docs.google.com\/viewer?url=https%3A%2F%2Fgruene-lunge-am-guenthersburgpark.de%2Fwp-content%2Fuploads%2F2016%2F07%2FNewsletter-Juni_Endfassung.pdf&hl=de&embedded=true\" class=\"gde-frame\" style=\"width:100%; height:500px; border: none;\" scrolling=\"no\"><\/iframe>\n<p class=\"gde-text\"><a href=\"https:\/\/gruene-lunge-am-guenthersburgpark.de\/wp-content\/uploads\/2016\/07\/Newsletter-Juni_Endfassung.pdf\" class=\"gde-link\">Download (PDF, 975KB)<\/a><\/p><\/p>\n<p>NEWSLETTER Mai 2016<br \/>\n<iframe src=\"\/\/docs.google.com\/viewer?url=https%3A%2F%2Fgruene-lunge-am-guenthersburgpark.de%2Fwp-content%2Fuploads%2F2016%2F07%2FNewsletter-Mai-2016.pdf&hl=de&embedded=true\" class=\"gde-frame\" style=\"width:100%; height:500px; border: none;\" scrolling=\"no\"><\/iframe>\n<p class=\"gde-text\"><a href=\"https:\/\/gruene-lunge-am-guenthersburgpark.de\/wp-content\/uploads\/2016\/07\/Newsletter-Mai-2016.pdf\" class=\"gde-link\">Download (PDF, 191KB)<\/a><\/p><\/p>\n<p>NEWSLETTER April 2016<br \/>\n<iframe src=\"\/\/docs.google.com\/viewer?url=https%3A%2F%2Fgruene-lunge-am-guenthersburgpark.de%2Fwp-content%2Fuploads%2F2016%2F07%2FNewsletter-April-2016.pdf&hl=de&embedded=true\" class=\"gde-frame\" style=\"width:100%; height:500px; border: none;\" scrolling=\"no\"><\/iframe>\n<p class=\"gde-text\"><a href=\"https:\/\/gruene-lunge-am-guenthersburgpark.de\/wp-content\/uploads\/2016\/07\/Newsletter-April-2016.pdf\" class=\"gde-link\">Download (PDF, 72KB)<\/a><\/p><\/p>\n<p>NEWSLETTER M\u00e4rz 2016<br \/>\n<iframe src=\"\/\/docs.google.com\/viewer?url=https%3A%2F%2Fgruene-lunge-am-guenthersburgpark.de%2Fwp-content%2Fuploads%2F2016%2F07%2FNewsletter-M%C3%A4rz-2016.pdf&hl=de&embedded=true\" class=\"gde-frame\" style=\"width:100%; height:500px; border: none;\" scrolling=\"no\"><\/iframe>\n<p class=\"gde-text\"><a href=\"https:\/\/gruene-lunge-am-guenthersburgpark.de\/wp-content\/uploads\/2016\/07\/Newsletter-M\u00e4rz-2016.pdf\" class=\"gde-link\">Download (PDF, 312KB)<\/a><\/p><\/p>\n","protected":false},"excerpt":{"rendered":"<p>Formular zum Sammeln von eMail Adressen f\u00fcr den Erhalt des Newsletter Die Newsletter &#8211; \u00fcbersichtliches Lesen gestattet der Button &#8216;In neuem Tab \u00f6ffnen&#8217; &#8211; der erscheint wenn man mit dem Cursor in die rechte obere Ecke des Kastens f\u00e4hrt. NEWSLETTER Februar 2021 NEWSLETTER November 2020 NEWSLETTER September 2020 NEWSLETTER Januar 2020 NEWSLETTER\u00a0 September 2019 NEWSLETTER [&hellip;]<\/p>\n","protected":false},"author":4,"featured_media":0,"parent":0,"menu_order":0,"comment_status":"closed","ping_status":"closed","template":"","meta":{"footnotes":""},"class_list":["post-364","page","type-page","status-publish","hentry"],"_links":{"self":[{"href":"https:\/\/gruene-lunge-am-guenthersburgpark.de\/index.php?rest_route=\/wp\/v2\/pages\/364","targetHints":{"allow":["GET"]}}],"collection":[{"href":"https:\/\/gruene-lunge-am-guenthersburgpark.de\/index.php?rest_route=\/wp\/v2\/pages"}],"about":[{"href":"https:\/\/gruene-lunge-am-guenthersburgpark.de\/index.php?rest_route=\/wp\/v2\/types\/page"}],"author":[{"embeddable":true,"href":"https:\/\/gruene-lunge-am-guenthersburgpark.de\/index.php?rest_route=\/wp\/v2\/users\/4"}],"replies":[{"embeddable":true,"href":"https:\/\/gruene-lunge-am-guenthersburgpark.de\/index.php?rest_route=%2Fwp%2Fv2%2Fcomments&post=364"}],"version-history":[{"count":17,"href":"https:\/\/gruene-lunge-am-guenthersburgpark.de\/index.php?rest_route=\/wp\/v2\/pages\/364\/revisions"}],"predecessor-version":[{"id":2075,"href":"https:\/\/gruene-lunge-am-guenthersburgpark.de\/index.php?rest_route=\/wp\/v2\/pages\/364\/revisions\/2075"}],"wp:attachment":[{"href":"https:\/\/gruene-lunge-am-guenthersburgpark.de\/index.php?rest_route=%2Fwp%2Fv2%2Fmedia&parent=364"}],"curies":[{"name":"wp","href":"https:\/\/api.w.org\/{rel}","templated":true}]}}