{"id":2090,"date":"2021-02-18T17:12:46","date_gmt":"2021-02-18T15:12:46","guid":{"rendered":"https:\/\/gruene-lunge-am-guenthersburgpark.de\/?page_id=2090"},"modified":"2021-02-27T10:05:22","modified_gmt":"2021-02-27T08:05:22","slug":"baumkartierung","status":"publish","type":"page","link":"https:\/\/gruene-lunge-am-guenthersburgpark.de\/?page_id=2090","title":{"rendered":"Baumkartierung"},"content":{"rendered":"\n<p>Mitglieder der BI haben im Sp\u00e4therbst 2020 den Baumbestand der Gr\u00fcnen Lunge weitgehend kartiert. Gez\u00e4hlt wurden nur B\u00e4ume die eine Mindestgr\u00f6\u00dfe haben, wie sie in der Frankfurter Baumsatzung festgelegt ist. Wenn in Privatg\u00e4rten B\u00e4ume gef\u00e4llt werden sollen die einen Umfang von Laubb\u00e4umen &gt; 60 cm und Nadelb\u00e4ume &gt; 90 cm haben, muss nach der Satzung eine Genehmigung vom Gr\u00fcnfl\u00e4chenamt eingeholt werden.<br><br>F\u00fcr jeden Baum wurde festgehalten: Baumart (Laub,Nadel,Obst), Umfang in cm , Totholz,H\u00f6hlen oder Habitatbaum, Besonderheiten<\/p>\n\n\n\n<p>Das Ergebnis:<br>B\u00e4ume gr\u00f6sser als in der Baumsatzung festgelegt: ca 1000<br>Davon gro\u00dfe B\u00e4ume mit mehr als 100 cm Umfang: mehr als 300<br>Von den  1000 B\u00e4umen gibt es \u00fcber 200 der f\u00fcr Tiere und Insekten besonders wichtigen Totholz-, H\u00f6hlen- oder Habitatb\u00e4ume, die besonders gesch\u00fctzt sind.<\/p>\n\n\n\n<p><br><\/p>\n\n\n\n<p><strong>Kartierte B\u00e4ume und der aktuelle Bebauungsplan <\/strong>(Stadtplanungsamt: <a rel=\"noreferrer noopener\" aria-label=\"Click (\u00f6ffnet in neuem Tab)\" href=\"https:\/\/www.stadtplanungsamt-frankfurt.de\/show.php?ID=20305&amp;psid=rb9m1pqubei1bmmtpoc8h58i91\" target=\"_blank\">Click<\/a>)<\/p>\n\n\n\n<figure class=\"wp-block-image\"><img decoding=\"async\" src=\"https:\/\/gruene-lunge-am-guenthersburgpark.de\/wp-content\/uploads\/2021\/02\/1_Gr\u00fcne-Lunge_mit_Bebauungsplan.jpg\" alt=\"\" class=\"wp-image-2122\"\/><\/figure>\n\n\n\n<figure class=\"wp-block-image\"><img loading=\"lazy\" decoding=\"async\" width=\"724\" height=\"1024\" src=\"https:\/\/gruene-lunge-am-guenthersburgpark.de\/wp-content\/uploads\/2021\/02\/3_Gr\u00fcne-Lunge_Grosse_Baeume-1-724x1024.jpg\" alt=\"\" class=\"wp-image-2130\" srcset=\"https:\/\/gruene-lunge-am-guenthersburgpark.de\/wp-content\/uploads\/2021\/02\/3_Gr\u00fcne-Lunge_Grosse_Baeume-1-724x1024.jpg 724w, https:\/\/gruene-lunge-am-guenthersburgpark.de\/wp-content\/uploads\/2021\/02\/3_Gr\u00fcne-Lunge_Grosse_Baeume-1-212x300.jpg 212w, https:\/\/gruene-lunge-am-guenthersburgpark.de\/wp-content\/uploads\/2021\/02\/3_Gr\u00fcne-Lunge_Grosse_Baeume-1-768x1086.jpg 768w, https:\/\/gruene-lunge-am-guenthersburgpark.de\/wp-content\/uploads\/2021\/02\/3_Gr\u00fcne-Lunge_Grosse_Baeume-1-600x849.jpg 600w, https:\/\/gruene-lunge-am-guenthersburgpark.de\/wp-content\/uploads\/2021\/02\/3_Gr\u00fcne-Lunge_Grosse_Baeume-1-624x883.jpg 624w\" sizes=\"auto, (max-width: 724px) 100vw, 724px\" \/><\/figure>\n\n\n\n<figure class=\"wp-block-image\"><img loading=\"lazy\" decoding=\"async\" width=\"724\" height=\"1024\" src=\"https:\/\/gruene-lunge-am-guenthersburgpark.de\/wp-content\/uploads\/2021\/02\/4_Gr\u00fcne-Lunge_Totholz_Hoehlen_Habitat-1-724x1024.jpg\" alt=\"\" class=\"wp-image-2131\" srcset=\"https:\/\/gruene-lunge-am-guenthersburgpark.de\/wp-content\/uploads\/2021\/02\/4_Gr\u00fcne-Lunge_Totholz_Hoehlen_Habitat-1-724x1024.jpg 724w, https:\/\/gruene-lunge-am-guenthersburgpark.de\/wp-content\/uploads\/2021\/02\/4_Gr\u00fcne-Lunge_Totholz_Hoehlen_Habitat-1-212x300.jpg 212w, https:\/\/gruene-lunge-am-guenthersburgpark.de\/wp-content\/uploads\/2021\/02\/4_Gr\u00fcne-Lunge_Totholz_Hoehlen_Habitat-1-768x1086.jpg 768w, https:\/\/gruene-lunge-am-guenthersburgpark.de\/wp-content\/uploads\/2021\/02\/4_Gr\u00fcne-Lunge_Totholz_Hoehlen_Habitat-1-600x849.jpg 600w, https:\/\/gruene-lunge-am-guenthersburgpark.de\/wp-content\/uploads\/2021\/02\/4_Gr\u00fcne-Lunge_Totholz_Hoehlen_Habitat-1-624x883.jpg 624w\" sizes=\"auto, (max-width: 724px) 100vw, 724px\" \/><figcaption><br><br><\/figcaption><\/figure>\n\n\n\n<figure class=\"wp-block-image\"><img loading=\"lazy\" decoding=\"async\" width=\"724\" height=\"1024\" src=\"https:\/\/gruene-lunge-am-guenthersburgpark.de\/wp-content\/uploads\/2021\/02\/2_Gr\u00fcne-Lunge_Baumarten-4-724x1024.jpg\" alt=\"\" class=\"wp-image-2142\" srcset=\"https:\/\/gruene-lunge-am-guenthersburgpark.de\/wp-content\/uploads\/2021\/02\/2_Gr\u00fcne-Lunge_Baumarten-4-724x1024.jpg 724w, https:\/\/gruene-lunge-am-guenthersburgpark.de\/wp-content\/uploads\/2021\/02\/2_Gr\u00fcne-Lunge_Baumarten-4-212x300.jpg 212w, https:\/\/gruene-lunge-am-guenthersburgpark.de\/wp-content\/uploads\/2021\/02\/2_Gr\u00fcne-Lunge_Baumarten-4-768x1086.jpg 768w, https:\/\/gruene-lunge-am-guenthersburgpark.de\/wp-content\/uploads\/2021\/02\/2_Gr\u00fcne-Lunge_Baumarten-4-600x849.jpg 600w, https:\/\/gruene-lunge-am-guenthersburgpark.de\/wp-content\/uploads\/2021\/02\/2_Gr\u00fcne-Lunge_Baumarten-4-624x883.jpg 624w\" sizes=\"auto, (max-width: 724px) 100vw, 724px\" \/><\/figure>\n","protected":false},"excerpt":{"rendered":"<p>Mitglieder der BI haben im Sp\u00e4therbst 2020 den Baumbestand der Gr\u00fcnen Lunge weitgehend kartiert. Gez\u00e4hlt wurden nur B\u00e4ume die eine Mindestgr\u00f6\u00dfe haben, wie sie in der Frankfurter Baumsatzung festgelegt ist. Wenn in Privatg\u00e4rten B\u00e4ume gef\u00e4llt werden sollen die einen Umfang von Laubb\u00e4umen &gt; 60 cm und Nadelb\u00e4ume &gt; 90 cm haben, muss nach der Satzung [&hellip;]<\/p>\n","protected":false},"author":4,"featured_media":0,"parent":0,"menu_order":0,"comment_status":"closed","ping_status":"closed","template":"","meta":{"footnotes":""},"class_list":["post-2090","page","type-page","status-publish","hentry"],"_links":{"self":[{"href":"https:\/\/gruene-lunge-am-guenthersburgpark.de\/index.php?rest_route=\/wp\/v2\/pages\/2090","targetHints":{"allow":["GET"]}}],"collection":[{"href":"https:\/\/gruene-lunge-am-guenthersburgpark.de\/index.php?rest_route=\/wp\/v2\/pages"}],"about":[{"href":"https:\/\/gruene-lunge-am-guenthersburgpark.de\/index.php?rest_route=\/wp\/v2\/types\/page"}],"author":[{"embeddable":true,"href":"https:\/\/gruene-lunge-am-guenthersburgpark.de\/index.php?rest_route=\/wp\/v2\/users\/4"}],"replies":[{"embeddable":true,"href":"https:\/\/gruene-lunge-am-guenthersburgpark.de\/index.php?rest_route=%2Fwp%2Fv2%2Fcomments&post=2090"}],"version-history":[{"count":20,"href":"https:\/\/gruene-lunge-am-guenthersburgpark.de\/index.php?rest_route=\/wp\/v2\/pages\/2090\/revisions"}],"predecessor-version":[{"id":2143,"href":"https:\/\/gruene-lunge-am-guenthersburgpark.de\/index.php?rest_route=\/wp\/v2\/pages\/2090\/revisions\/2143"}],"wp:attachment":[{"href":"https:\/\/gruene-lunge-am-guenthersburgpark.de\/index.php?rest_route=%2Fwp%2Fv2%2Fmedia&parent=2090"}],"curies":[{"name":"wp","href":"https:\/\/api.w.org\/{rel}","templated":true}]}}