{"id":1525,"date":"2019-06-16T20:43:06","date_gmt":"2019-06-16T18:43:06","guid":{"rendered":"https:\/\/gruene-lunge-am-guenthersburgpark.de\/?page_id=1525"},"modified":"2020-12-27T14:15:24","modified_gmt":"2020-12-27T12:15:24","slug":"gl-in-radio-video","status":"publish","type":"page","link":"https:\/\/gruene-lunge-am-guenthersburgpark.de\/?page_id=1525","title":{"rendered":"Video\/Radio"},"content":{"rendered":"\n<p><strong>Filme \u00fcber die Gr\u00fcne Lunge<\/strong><br> <strong><a rel=\"noreferrer noopener\" href=\"https:\/\/vimeo.com\/313560122\" target=\"_blank\"> 1) Die GL mu\u00df erhalten werden (Trailer), von Sabine Hoffmann<\/a><\/strong><br> <strong><a rel=\"noreferrer noopener\" href=\"https:\/\/www.youtube.com\/watch?v=hxgPZFvSo8w\/\" target=\"_blank\">2) Sch\u00fctzenswerte Biodiversit\u00e4t, von Peter Beckmann<\/a><\/strong><br> <strong><a rel=\"noreferrer noopener\" href=\"https:\/\/vimeo.com\/170101888\" target=\"_blank\">3) D.Fuhrhop &#8211; verbietet das Bauen, von Malte Rauch, Esther Zeschky<\/a><\/strong><br> <strong><a rel=\"noreferrer noopener\" href=\"https:\/\/vimeo.com\/143556536\" target=\"_blank\">4) Gudrun und ihr Garten, von Malte Rauch, Esther Zeschky<\/a> <\/strong> <br> <strong><a rel=\"noreferrer noopener\" href=\"https:\/\/www.youtube.com\/watch?v=DiGejrq5BIs&amp;feature=youtu.be\" target=\"_blank\">5)Rede von J\u00f6rg Brecht auf der Demo &#8216;B\u00e4ume statt Beton<\/a> <\/strong>&#8216;  <br><strong><a rel=\"noreferrer noopener\" href=\"https:\/\/www.youtube.com\/watch?v=DiGejrq5BIs&amp;feature=youtu.be\" target=\"_blank\">6) <\/a><a href=\"https:\/\/www.youtube.com\/watch?v=XGdAOMn_0NA\" target=\"_blank\" rel=\"noreferrer noopener\" aria-label=\"professionell&nbsp;gemachter&nbsp;Film&nbsp;\u00fcber&nbsp;den&nbsp;Besuch&nbsp;der&nbsp;Linken&nbsp;am&nbsp;23.8 (\u00f6ffnet in neuem Tab)\">professionell&nbsp;gemachter&nbsp;Film&nbsp;\u00fcber&nbsp;den&nbsp;Besuch&nbsp;der&nbsp;Linken&nbsp;am&nbsp;23.8<\/a><\/strong><br> <br><\/p>\n\n\n\n<p><strong>Gr\u00fcne Lunge im Radio<\/strong><br>\n<strong><a href=\"https:\/\/www.hessenschau.de\/gesellschaft\/streit-in-frankfurt-wohnraum-statt-naturidyll,audio-17902~_story-stadtbaeume-102.html\" target=\"_blank\" rel=\"noreferrer noopener\"> 1) kurzer Beitrag im HR mit P.Beckmann,M.Josef,R.Heilig<\/a><\/strong><br>\n<strong><a href=\"https:\/\/greenpeace-frankfurt.de\/index.php\/component\/phocadownload\/category\/24-radiosendungen-2018?download=173:gruene-lunge-vs-wohnungsbau\" target=\"_blank\" rel=\"noreferrer noopener\">2) Download von Radio X\/Greenpeace: K.Bornscheuer und T.Schwichtenberg<\/a><\/strong><\/p>\n","protected":false},"excerpt":{"rendered":"<p>Filme \u00fcber die Gr\u00fcne Lunge 1) Die GL mu\u00df erhalten werden (Trailer), von Sabine Hoffmann 2) Sch\u00fctzenswerte Biodiversit\u00e4t, von Peter Beckmann 3) D.Fuhrhop &#8211; verbietet das Bauen, von Malte Rauch, Esther Zeschky 4) Gudrun und ihr Garten, von Malte Rauch, Esther Zeschky 5)Rede von J\u00f6rg Brecht auf der Demo &#8216;B\u00e4ume statt Beton &#8216; 6) professionell&nbsp;gemachter&nbsp;Film&nbsp;\u00fcber&nbsp;den&nbsp;Besuch&nbsp;der&nbsp;Linken&nbsp;am&nbsp;23.8 [&hellip;]<\/p>\n","protected":false},"author":4,"featured_media":0,"parent":0,"menu_order":0,"comment_status":"closed","ping_status":"closed","template":"","meta":{"footnotes":""},"class_list":["post-1525","page","type-page","status-publish","hentry"],"_links":{"self":[{"href":"https:\/\/gruene-lunge-am-guenthersburgpark.de\/index.php?rest_route=\/wp\/v2\/pages\/1525","targetHints":{"allow":["GET"]}}],"collection":[{"href":"https:\/\/gruene-lunge-am-guenthersburgpark.de\/index.php?rest_route=\/wp\/v2\/pages"}],"about":[{"href":"https:\/\/gruene-lunge-am-guenthersburgpark.de\/index.php?rest_route=\/wp\/v2\/types\/page"}],"author":[{"embeddable":true,"href":"https:\/\/gruene-lunge-am-guenthersburgpark.de\/index.php?rest_route=\/wp\/v2\/users\/4"}],"replies":[{"embeddable":true,"href":"https:\/\/gruene-lunge-am-guenthersburgpark.de\/index.php?rest_route=%2Fwp%2Fv2%2Fcomments&post=1525"}],"version-history":[{"count":6,"href":"https:\/\/gruene-lunge-am-guenthersburgpark.de\/index.php?rest_route=\/wp\/v2\/pages\/1525\/revisions"}],"predecessor-version":[{"id":1997,"href":"https:\/\/gruene-lunge-am-guenthersburgpark.de\/index.php?rest_route=\/wp\/v2\/pages\/1525\/revisions\/1997"}],"wp:attachment":[{"href":"https:\/\/gruene-lunge-am-guenthersburgpark.de\/index.php?rest_route=%2Fwp%2Fv2%2Fmedia&parent=1525"}],"curies":[{"name":"wp","href":"https:\/\/api.w.org\/{rel}","templated":true}]}}